{"id":85,"date":"2021-10-25T11:05:23","date_gmt":"2021-10-25T11:05:23","guid":{"rendered":"https:\/\/www.musleo.com\/?page_id=85"},"modified":"2022-03-28T10:18:44","modified_gmt":"2022-03-28T10:18:44","slug":"il-museo","status":"publish","type":"page","link":"https:\/\/www.musleo.com\/it\/il-museo\/","title":{"rendered":"Il Museo"},"content":{"rendered":"\n<p><strong>Musleo, il Museo virtuale, dove vivere emozioni reali!<\/strong><\/p>\n\n\n\n<p><strong>Musleo, l\u2019Ecomuseo che racconta il territorio attraverso i testimoni di oggi e di ieri!<\/strong><\/p>\n\n\n\n<p><strong>Musleo, un luogo magico da cui partire alla scoperta dell\u2019eccezionale patrimonio storico e naturalistico che lo circonda!<\/strong><\/p>\n\n\n\n<p><strong>Musleo \u00e8 un portale d\u2019accesso privilegiato<\/strong> alle ricchezze storiche, naturalistiche, ambientali del territorio circostante. I viaggiatori che decideranno di fare qui una sosta, avranno il privilegio di incontrare tre testimoni illustri, anch\u2019essi pellegrini a San Leo: <strong>S.Francesco, Dante e Cagliostro<\/strong>.<\/p>\n\n\n\n<p>Attraverso i loro racconti sar\u00e0 possibile scoprire come tutto il <strong>patrimonio culturale ed architettonico di San Leo nasce da secoli e secoli di storia<\/strong> e da vicende non di rado avvolte nella leggenda, quando non nel mistero.<\/p>\n\n\n\n<div style=\"height:20px\" aria-hidden=\"true\" class=\"wp-block-spacer\"><\/div>\n\n\n\n<div class=\"wp-block-buttons is-horizontal is-content-justification-center is-layout-flex wp-container-core-buttons-is-layout-499968f5 wp-block-buttons-is-layout-flex\">\n<div class=\"wp-block-button has-custom-width wp-block-button__width-50 has-custom-font-size has-small-font-size\"><a class=\"wp-block-button__link has-background\" href=\"https:\/\/www.musleo.com\/it\/percorso\/\" style=\"background:linear-gradient(135deg,rgb(118,75,87) 0%,rgb(13,1,25) 100%)\">Clicca e Scopri <strong>il percorso<\/strong> del museo<\/a><\/div>\n<\/div>\n\n\n\n<div style=\"height:20px\" aria-hidden=\"true\" class=\"wp-block-spacer\"><\/div>\n\n\n\n<p><strong>Il viaggio ha inizio tra le mura della Fortezza, in cima alla rocca<\/strong>. Da qui il visitatore potr\u00e0 lanciare lo sguardo alle creste degli Appennini che uniscono la Romagna alle Marche, immaginare la ricchezza di vita e di storia che, dall\u2019epoca romana ad oggi, ha animato questi luoghi che si dispiegano tra dolci colline e rupi scoscese. <strong>Un territorio unico<\/strong> perch\u00e9 al confine tra due regioni biogeografiche diverse, unico per l\u2019asprezza di alcuni luoghi, unico per i suoi gioielli architettonici.<\/p>\n\n\n\n<p>Attraverso <strong>un\u2019esperienza immersiva, coinvolgente ed emozionante<\/strong>, suddivisa in pi\u00f9 stanze, il visitatore prende coscienza dell\u2019identit\u00e0 della terra che sta attraversando e potr\u00e0 proseguire con animo rinnovato il suo viaggio <strong>alla scoperta delle bellezze e tipicit\u00e0 che circondano Musleo<\/strong>.<\/p>\n\n\n\n<figure class=\"wp-block-gallery has-nested-images columns-default is-cropped wp-block-gallery-1 is-layout-flex wp-block-gallery-is-layout-flex\">\n<figure class=\"wp-block-image size-large\"><img loading=\"lazy\" decoding=\"async\" width=\"1024\" height=\"768\" data-id=\"773\" src=\"https:\/\/www.musleo.com\/wp-content\/uploads\/2022\/03\/Musleo-stanza-1-cella-Cagliostro-1024x768.jpeg\" alt=\"\" class=\"wp-image-773\" srcset=\"https:\/\/www.musleo.com\/wp-content\/uploads\/2022\/03\/Musleo-stanza-1-cella-Cagliostro-1024x768.jpeg 1024w, https:\/\/www.musleo.com\/wp-content\/uploads\/2022\/03\/Musleo-stanza-1-cella-Cagliostro-300x225.jpeg 300w, https:\/\/www.musleo.com\/wp-content\/uploads\/2022\/03\/Musleo-stanza-1-cella-Cagliostro-768x576.jpeg 768w, https:\/\/www.musleo.com\/wp-content\/uploads\/2022\/03\/Musleo-stanza-1-cella-Cagliostro-1536x1152.jpeg 1536w, https:\/\/www.musleo.com\/wp-content\/uploads\/2022\/03\/Musleo-stanza-1-cella-Cagliostro-2048x1536.jpeg 2048w\" sizes=\"auto, (max-width: 1024px) 100vw, 1024px\" \/><\/figure>\n\n\n\n<figure class=\"wp-block-image size-large\"><img loading=\"lazy\" decoding=\"async\" width=\"1024\" height=\"768\" data-id=\"775\" src=\"https:\/\/www.musleo.com\/wp-content\/uploads\/2022\/03\/Musleo-stanza-4-1024x768.jpeg\" alt=\"\" class=\"wp-image-775\" srcset=\"https:\/\/www.musleo.com\/wp-content\/uploads\/2022\/03\/Musleo-stanza-4-1024x768.jpeg 1024w, https:\/\/www.musleo.com\/wp-content\/uploads\/2022\/03\/Musleo-stanza-4-300x225.jpeg 300w, https:\/\/www.musleo.com\/wp-content\/uploads\/2022\/03\/Musleo-stanza-4-768x576.jpeg 768w, https:\/\/www.musleo.com\/wp-content\/uploads\/2022\/03\/Musleo-stanza-4-1536x1152.jpeg 1536w, https:\/\/www.musleo.com\/wp-content\/uploads\/2022\/03\/Musleo-stanza-4-2048x1536.jpeg 2048w\" sizes=\"auto, (max-width: 1024px) 100vw, 1024px\" \/><\/figure>\n<\/figure>\n\n\n\n<p><\/p>\n","protected":false},"excerpt":{"rendered":"<p>Musleo, il Museo virtuale, dove vivere emozioni reali! Musleo, l\u2019Ecomuseo che racconta il territorio attraverso i testimoni di oggi e di ieri! Musleo, un luogo magico da cui partire alla scoperta dell\u2019eccezionale patrimonio storico e naturalistico che lo circonda! Musleo \u00e8 un portale d\u2019accesso privilegiato alle ricchezze storiche, naturalistiche, ambientali del territorio circostante. I viaggiatori [&hellip;]<\/p>\n","protected":false},"author":1,"featured_media":769,"parent":0,"menu_order":0,"comment_status":"closed","ping_status":"closed","template":"","meta":{"footnotes":""},"class_list":["post-85","page","type-page","status-publish","has-post-thumbnail","hentry"],"acf":[],"_links":{"self":[{"href":"https:\/\/www.musleo.com\/it\/wp-json\/wp\/v2\/pages\/85","targetHints":{"allow":["GET"]}}],"collection":[{"href":"https:\/\/www.musleo.com\/it\/wp-json\/wp\/v2\/pages"}],"about":[{"href":"https:\/\/www.musleo.com\/it\/wp-json\/wp\/v2\/types\/page"}],"author":[{"embeddable":true,"href":"https:\/\/www.musleo.com\/it\/wp-json\/wp\/v2\/users\/1"}],"replies":[{"embeddable":true,"href":"https:\/\/www.musleo.com\/it\/wp-json\/wp\/v2\/comments?post=85"}],"version-history":[{"count":13,"href":"https:\/\/www.musleo.com\/it\/wp-json\/wp\/v2\/pages\/85\/revisions"}],"predecessor-version":[{"id":778,"href":"https:\/\/www.musleo.com\/it\/wp-json\/wp\/v2\/pages\/85\/revisions\/778"}],"wp:featuredmedia":[{"embeddable":true,"href":"https:\/\/www.musleo.com\/it\/wp-json\/wp\/v2\/media\/769"}],"wp:attachment":[{"href":"https:\/\/www.musleo.com\/it\/wp-json\/wp\/v2\/media?parent=85"}],"curies":[{"name":"wp","href":"https:\/\/api.w.org\/{rel}","templated":true}]}}