{"id":619,"date":"2022-01-28T17:02:26","date_gmt":"2022-01-28T17:02:26","guid":{"rendered":"https:\/\/www.musleo.com\/?page_id=619"},"modified":"2022-01-28T17:03:04","modified_gmt":"2022-01-28T17:03:04","slug":"schmuckstucke","status":"publish","type":"page","link":"https:\/\/www.musleo.com\/it\/qr\/schmuckstucke\/","title":{"rendered":"SCHMUCKST\u00dcCKE"},"content":{"rendered":"\t\t<div data-elementor-type=\"wp-page\" data-elementor-id=\"619\" class=\"elementor elementor-619\" data-elementor-settings=\"[]\">\n\t\t\t\t\t\t\t<div class=\"elementor-section-wrap\">\n\t\t\t\t\t\t\t<section class=\"elementor-section elementor-top-section elementor-element elementor-element-eba5224 elementor-section-boxed elementor-section-height-default elementor-section-height-default\" data-id=\"eba5224\" data-element_type=\"section\" data-settings=\"{&quot;background_background&quot;:&quot;classic&quot;}\">\n\t\t\t\t\t\t<div class=\"elementor-container elementor-column-gap-default\">\n\t\t\t\t\t<div class=\"elementor-column elementor-col-100 elementor-top-column elementor-element elementor-element-764c28a\" data-id=\"764c28a\" data-element_type=\"column\">\n\t\t\t<div class=\"elementor-widget-wrap elementor-element-populated\">\n\t\t\t\t\t\t\t\t<div class=\"elementor-element elementor-element-2c74eeb elementor-widget elementor-widget-image\" data-id=\"2c74eeb\" data-element_type=\"widget\" data-widget_type=\"image.default\">\n\t\t\t\t<div class=\"elementor-widget-container\">\n\t\t\t<style>\/*! elementor - v3.5.5 - 03-02-2022 *\/\n.elementor-widget-image{text-align:center}.elementor-widget-image a{display:inline-block}.elementor-widget-image a img[src$=\".svg\"]{width:48px}.elementor-widget-image img{vertical-align:middle;display:inline-block}<\/style>\t\t\t\t\t\t\t\t\t\t\t\t<img loading=\"lazy\" decoding=\"async\" width=\"800\" height=\"203\" src=\"https:\/\/www.musleo.com\/wp-content\/uploads\/2021\/10\/logo-musleo-copia-2-1024x260.png\" class=\"attachment-large size-large\" alt=\"\" srcset=\"https:\/\/www.musleo.com\/wp-content\/uploads\/2021\/10\/logo-musleo-copia-2-1024x260.png 1024w, https:\/\/www.musleo.com\/wp-content\/uploads\/2021\/10\/logo-musleo-copia-2-300x76.png 300w, https:\/\/www.musleo.com\/wp-content\/uploads\/2021\/10\/logo-musleo-copia-2-768x195.png 768w, https:\/\/www.musleo.com\/wp-content\/uploads\/2021\/10\/logo-musleo-copia-2-1536x390.png 1536w, https:\/\/www.musleo.com\/wp-content\/uploads\/2021\/10\/logo-musleo-copia-2.png 1679w\" sizes=\"auto, (max-width: 800px) 100vw, 800px\" \/>\t\t\t\t\t\t\t\t\t\t\t\t\t\t\t<\/div>\n\t\t\t\t<\/div>\n\t\t\t\t\t<\/div>\n\t\t<\/div>\n\t\t\t\t\t\t\t<\/div>\n\t\t<\/section>\n\t\t\t\t<section class=\"elementor-section elementor-top-section elementor-element elementor-element-17771d1 elementor-section-boxed elementor-section-height-default elementor-section-height-default\" data-id=\"17771d1\" data-element_type=\"section\">\n\t\t\t\t\t\t<div class=\"elementor-container elementor-column-gap-default\">\n\t\t\t\t\t<div class=\"elementor-column elementor-col-100 elementor-top-column elementor-element elementor-element-f305232\" data-id=\"f305232\" data-element_type=\"column\">\n\t\t\t<div class=\"elementor-widget-wrap elementor-element-populated\">\n\t\t\t\t\t\t\t\t<div class=\"elementor-element elementor-element-da262bf elementor-widget elementor-widget-heading\" data-id=\"da262bf\" data-element_type=\"widget\" data-widget_type=\"heading.default\">\n\t\t\t\t<div class=\"elementor-widget-container\">\n\t\t\t<style>\/*! elementor - v3.5.5 - 03-02-2022 *\/\n.elementor-heading-title{padding:0;margin:0;line-height:1}.elementor-widget-heading .elementor-heading-title[class*=elementor-size-]>a{color:inherit;font-size:inherit;line-height:inherit}.elementor-widget-heading .elementor-heading-title.elementor-size-small{font-size:15px}.elementor-widget-heading .elementor-heading-title.elementor-size-medium{font-size:19px}.elementor-widget-heading .elementor-heading-title.elementor-size-large{font-size:29px}.elementor-widget-heading .elementor-heading-title.elementor-size-xl{font-size:39px}.elementor-widget-heading .elementor-heading-title.elementor-size-xxl{font-size:59px}<\/style><h1 class=\"elementor-heading-title elementor-size-default\">SCHMUCKST\u00dcCKE<\/h1>\t\t<\/div>\n\t\t\t\t<\/div>\n\t\t\t\t<div class=\"elementor-element elementor-element-d3355a6 elementor-widget elementor-widget-text-editor\" data-id=\"d3355a6\" data-element_type=\"widget\" data-widget_type=\"text-editor.default\">\n\t\t\t\t<div class=\"elementor-widget-container\">\n\t\t\t<style>\/*! elementor - v3.5.5 - 03-02-2022 *\/\n.elementor-widget-text-editor.elementor-drop-cap-view-stacked .elementor-drop-cap{background-color:#818a91;color:#fff}.elementor-widget-text-editor.elementor-drop-cap-view-framed .elementor-drop-cap{color:#818a91;border:3px solid;background-color:transparent}.elementor-widget-text-editor:not(.elementor-drop-cap-view-default) .elementor-drop-cap{margin-top:8px}.elementor-widget-text-editor:not(.elementor-drop-cap-view-default) .elementor-drop-cap-letter{width:1em;height:1em}.elementor-widget-text-editor .elementor-drop-cap{float:left;text-align:center;line-height:1;font-size:50px}.elementor-widget-text-editor .elementor-drop-cap-letter{display:inline-block}<\/style>\t\t\t\t<p>Eine regelrechte Stadt erstreckt sich zu F\u00fc\u00dfen der Festung. \u201c<strong>Die sch\u00f6nste Stadt Italiens\u201d<\/strong> so nannte sie Umberto Eco. Eine im Lauf der Zeit errichtete Stadt, im Schatten der historischen und imposanten Felsspitze, die sich im Lauf der Jahrhunderte mit Kirchen und Pal\u00e4sten bereicherte, welche uns beim Identifizieren der Etappen einer faszinierenden Geschichte begleiten.\u00a0<\/p><p>\u00a0<\/p><p>Es ist <strong>Anfang 300 n.Chr.<\/strong> als <strong>Leone der Jungfrau Assunta eine Kapelle widmet<\/strong>, genau an der Stelle, wo sich heute die <strong>Pfarrkirche<\/strong> erhebt. Die Pfarrkirche, das hei\u00dft das Haus des einfachen Volkes, der Einwohner, die hier nicht nur zum Beten zusammenkamen. <strong>Sie er\u00f6ffnet sich uns mit ihren drei Altarnischen, wobei die Polychromie ihrer Steine vom Lichtschein erhellt wird.<\/strong> Nicht die Hauptfassade gew\u00e4hrt uns Eintritt, sondern die Seitent\u00fcr durch die wir in eines der drei Kirchenschiffe gelangen, von hier aus schweift der Blick bis zum Ziborium, auf welchem sich eine Inschrift aus dem Jahr 882 befindet, <strong>wodurch sich best\u00e4tigt, dass der derzeitige auf das XI.Jh.\u00a0 datierbare Bau mit deutlicher romanischer Auspr\u00e4gung auf einem vorherigen Geb\u00e4ude errichtet wurde.<\/strong><\/p><p>\u00a0<\/p><p>Nicht weit dahinter gelegen, erhebt sich auf einem nahen Anhang der <strong>Dom. Er ist dem Heiligen Leo gewidmet<\/strong> <strong>und birgt den Deckel des Sarkophags in dem man den Heiligen beerdigt hatte,<\/strong> jedoch nicht seinen Leichnam, der sich noch immer Voghenza befindet. <strong>Beeindruckend ist die dreischiffige Innenstruktur mit einem betont erhobenen Altar und einer Krypta, zu der man \u00fcber zwei in den Stein gemei\u00dfelte Seitentreppen Zugang bekommt.<\/strong> Es handelt sich um wichtige und kostenaufwendige Arbeiten, die man damals errichtete und wie es \u00fcblich war leistete das Volk hierzu seinen Beitrag, aber sicherlich verdanken sie ihre Verwirklichung auch der Anwesenheit des Bischofs \u2013 Herzogs. F\u00fcgt man diesen beiden Kostbarkeiten der romanischen Epoche noch den <strong>Stadtturm<\/strong> hinzu (<strong>zeitgleich zum Dom<\/strong>), haben wir die <strong>Panoramatour fast abgeschlossen, um einen Eindruck von dem zu erhalten, was Franziskus im Jahr 1213 vorfand.<\/strong> Er kam von einer Stelle des Waldes, wo ihm, den Erz\u00e4hlungen der Tradition zur Folge, ein Feuer erschienen war, an dem er sich nachts\u00fcber erw\u00e4rmte, bevor er am n\u00e4chsten Tag S.Leo erreichte. <strong>Zur Erinnerung an jene Feuerstelle nannte man den Ort Sant\u2019 Igne. Hier wurde 1244 das Kloster gegr\u00fcndet<\/strong>.<\/p><p>\u00a0<\/p><p>Aber kehren wir zur Piazza der Stadt zur\u00fcck. Der <strong>Palazzo Nardini,<\/strong> den wir heute mit einem Erscheinungsbild der Sp\u00e4trenaissance sehen, <strong>ist die Erweiterung eines urspr\u00fcnglichen Geb\u00e4udes aus dem 13.Jahrhundert. Hier traf der Heilige Franziskus nach seiner Predigt den Grafen Cattani, der ihm La Verna zur Gabe machte, wie es auf der Gedenktafel der Fassade steht<\/strong>. F\u00fcr die zwei folgenden Jahrhunderte wird das Volk von Leo in seinem Dorf leben, das sich einer au\u00dferordentlichen Geschichte und Naturlandschaft r\u00fchmt, w\u00e4hrend die M\u00e4chtigen um die immer uneinnehmbarer gewordene Festung streiten.<\/p><p>\u00a0<\/p><p><strong>Als sie 1517 von den Medici erobert wurde, baute man in S. Leo den Palazzo Mediceo, um den Gouverneur zu beherbergen, der die Stadt f\u00fcr die Republik Florenz verwaltete. <\/strong>Auf der Fassade des Palasts sieht man daher <strong>das Wappen von Florenz mit der Lilie zusammen mit dem Wappen von Papst Julius II. della Rovere<\/strong>.<\/p><p>\u00a0<\/p><p>Den Della Rovere (welche infolge einer dynastischen Nachfolge zu den Herrschern der Stadt wurden) ist auch ein Geb\u00e4ude aus dem Anfang des 17.Jahrhunderts zu verdanken, <strong>der Palazzo della Rovere, derzeit Sitz des Rathauses.<\/strong> Renaissancepal\u00e4ste kamen im Lauf der Zeit zum urbanen Umfeld der romanischen Kirchen hinzu. <strong>Und die steile Festung sch\u00fctzt noch heute die Sch\u00f6nheit jener \u201cSchmuckst\u00fccke\u201d, zu deren Entdeckung wir eingeladen sind.<\/strong><\/p>\t\t\t\t\t\t<\/div>\n\t\t\t\t<\/div>\n\t\t\t\t\t<\/div>\n\t\t<\/div>\n\t\t\t\t\t\t\t<\/div>\n\t\t<\/section>\n\t\t\t\t\t\t<\/div>\n\t\t\t\t\t<\/div>\n\t\t","protected":false},"excerpt":{"rendered":"<p>Eine regelrechte Stadt erstreckt sich zu F\u00fc\u00dfen der Festung. \u201cDie sch\u00f6nste Stadt Italiens\u201d so nannte sie Umberto Eco. Eine im Lauf der Zeit errichtete Stadt, im Schatten der historischen und imposanten Felsspitze, die sich im Lauf der Jahrhunderte mit Kirchen und Pal\u00e4sten bereicherte, welche uns beim Identifizieren der Etappen einer faszinierenden Geschichte begleiten.\u00a0 \u00a0 Es [&hellip;]<\/p>\n","protected":false},"author":1,"featured_media":0,"parent":515,"menu_order":0,"comment_status":"closed","ping_status":"closed","template":"elementor_canvas","meta":{"footnotes":""},"class_list":["post-619","page","type-page","status-publish","hentry"],"acf":[],"_links":{"self":[{"href":"https:\/\/www.musleo.com\/it\/wp-json\/wp\/v2\/pages\/619","targetHints":{"allow":["GET"]}}],"collection":[{"href":"https:\/\/www.musleo.com\/it\/wp-json\/wp\/v2\/pages"}],"about":[{"href":"https:\/\/www.musleo.com\/it\/wp-json\/wp\/v2\/types\/page"}],"author":[{"embeddable":true,"href":"https:\/\/www.musleo.com\/it\/wp-json\/wp\/v2\/users\/1"}],"replies":[{"embeddable":true,"href":"https:\/\/www.musleo.com\/it\/wp-json\/wp\/v2\/comments?post=619"}],"version-history":[{"count":4,"href":"https:\/\/www.musleo.com\/it\/wp-json\/wp\/v2\/pages\/619\/revisions"}],"predecessor-version":[{"id":623,"href":"https:\/\/www.musleo.com\/it\/wp-json\/wp\/v2\/pages\/619\/revisions\/623"}],"up":[{"embeddable":true,"href":"https:\/\/www.musleo.com\/it\/wp-json\/wp\/v2\/pages\/515"}],"wp:attachment":[{"href":"https:\/\/www.musleo.com\/it\/wp-json\/wp\/v2\/media?parent=619"}],"curies":[{"name":"wp","href":"https:\/\/api.w.org\/{rel}","templated":true}]}}